{"id":545,"date":"2017-05-26T14:01:50","date_gmt":"2017-05-26T12:01:50","guid":{"rendered":"http:\/\/blog.sv-gruibingen1906.de\/?page_id=545"},"modified":"2024-12-18T14:49:58","modified_gmt":"2024-12-18T13:49:58","slug":"tipps","status":"publish","type":"page","link":"https:\/\/www.sv-gruibingen1906.de\/?page_id=545","title":{"rendered":"Tipps"},"content":{"rendered":"<h2><span style=\"color: #339966;\"><b><u>Hier findet Ihr Tipps f\u00fcr das Training und den Wettkampf:<\/u><\/b><\/span><\/h2>\n<ul>\n<li>Europameister Stefan Seimer gibt vielf\u00e4ltige&nbsp;<em>Tipps<\/em> zum Schiessen. Au\u00dferdem werden Programme zur Trainingsplanung angeboten. \u2013&nbsp;<a href=\"https:\/\/trefferblog.de\/\" target=\"_blank\" rel=\"noopener\">https:\/\/trefferblog.de<\/a><\/li>\n<li><a href=\"http:\/\/de.wikipedia.org\/wiki\/Sportschie%C3%9Fen\" target=\"_blank\" rel=\"noopener\">Wikipedia<\/a><\/li>\n<li>DSB \u2013&nbsp;<a href=\"https:\/\/www.dsb.de\/der-verband\/wissen\/aus-und-fortbildungen\" target=\"_blank\" rel=\"noopener\">Ausbildungen<\/a>&nbsp;und&nbsp;<a href=\"https:\/\/www.dsb.de\/recht\" target=\"_blank\" rel=\"noopener\">Infothek Recht<\/a><\/li>\n<li><a href=\"https:\/\/www.bdmp.de\/\" target=\"_blank\" rel=\"noopener\">BDMP e.V.<\/a><\/li>\n<li><a href=\"https:\/\/www.wsv1850.de\/infothek\/\" target=\"_blank\" rel=\"noopener\">Infothek des WSV 1850 e.V.<\/a><\/li>\n<li><a href=\"https:\/\/www.wsv1850.de\/waffenrecht\/aktuelles\" target=\"_blank\" rel=\"noopener\">Waffenrecht &#8211; Infos des WSV 1850 e.V.<\/a><\/li>\n<\/ul>\n","protected":false},"excerpt":{"rendered":"<p>Hier findet Ihr Tipps f\u00fcr das Training und den Wettkampf: Europameister Stefan Seimer gibt vielf\u00e4ltige&nbsp;Tipps zum Schiessen. Au\u00dferdem werden Programme zur Trainingsplanung angeboten. \u2013&nbsp;https:\/\/trefferblog.de Wikipedia DSB \u2013&nbsp;Ausbildungen&nbsp;und&nbsp;Infothek Recht BDMP e.V. Infothek des WSV 1850 e.V. Waffenrecht &#8211; Infos des WSV 1850 e.V.<\/p>\n","protected":false},"author":2,"featured_media":0,"parent":535,"menu_order":0,"comment_status":"closed","ping_status":"closed","template":"","meta":{"ngg_post_thumbnail":0,"footnotes":""},"class_list":["post-545","page","type-page","status-publish","hentry"],"_links":{"self":[{"href":"https:\/\/www.sv-gruibingen1906.de\/index.php?rest_route=\/wp\/v2\/pages\/545","targetHints":{"allow":["GET"]}}],"collection":[{"href":"https:\/\/www.sv-gruibingen1906.de\/index.php?rest_route=\/wp\/v2\/pages"}],"about":[{"href":"https:\/\/www.sv-gruibingen1906.de\/index.php?rest_route=\/wp\/v2\/types\/page"}],"author":[{"embeddable":true,"href":"https:\/\/www.sv-gruibingen1906.de\/index.php?rest_route=\/wp\/v2\/users\/2"}],"replies":[{"embeddable":true,"href":"https:\/\/www.sv-gruibingen1906.de\/index.php?rest_route=%2Fwp%2Fv2%2Fcomments&post=545"}],"version-history":[{"count":6,"href":"https:\/\/www.sv-gruibingen1906.de\/index.php?rest_route=\/wp\/v2\/pages\/545\/revisions"}],"predecessor-version":[{"id":2750,"href":"https:\/\/www.sv-gruibingen1906.de\/index.php?rest_route=\/wp\/v2\/pages\/545\/revisions\/2750"}],"up":[{"embeddable":true,"href":"https:\/\/www.sv-gruibingen1906.de\/index.php?rest_route=\/wp\/v2\/pages\/535"}],"wp:attachment":[{"href":"https:\/\/www.sv-gruibingen1906.de\/index.php?rest_route=%2Fwp%2Fv2%2Fmedia&parent=545"}],"curies":[{"name":"wp","href":"https:\/\/api.w.org\/{rel}","templated":true}]}}