{"id":517,"date":"2017-05-26T12:42:46","date_gmt":"2017-05-26T10:42:46","guid":{"rendered":"http:\/\/blog.sv-gruibingen1906.de\/?page_id=517"},"modified":"2024-12-18T16:39:41","modified_gmt":"2024-12-18T15:39:41","slug":"ergebnisdienst","status":"publish","type":"page","link":"https:\/\/www.sv-gruibingen1906.de\/?page_id=517","title":{"rendered":"Ergebnisdienst"},"content":{"rendered":"<p style=\"text-align: left;\"><span style=\"color: #3366ff; font-size: medium;\"><a style=\"color: #3366ff;\" href=\"https:\/\/www.schuetzenkreis.de\/sport\" target=\"_blank\" rel=\"noopener noreferrer\"><u><span style=\"font-family: Verdana, sans-serif;\">Sch\u00fctzenkreis Stauferland<\/span><\/u><\/a><\/span><\/p>\n<p><span style=\"color: #3366ff; font-size: medium;\"><a style=\"color: #3366ff;\" href=\"https:\/\/www.wsvligen.de\/Regionsligen-Mittelschwaben\/\" target=\"_blank\" rel=\"noopener noreferrer\"><u><span style=\"font-family: Verdana, sans-serif;\">Regionsligen Mittelschwaben<\/span><\/u><\/a><\/span><\/p>\n<p><span style=\"color: #3366ff;\"><a style=\"color: #3366ff;\" href=\"http:\/\/www.wsv1850.de\/index.php\/sport\/\" target=\"_blank\" rel=\"noopener\"><span style=\"font-family: Verdana, sans-serif; font-size: medium;\">W\u00fcrttembergischen Sch\u00fctzenverbandes 1850 e.V<\/span>.<\/a><\/span><\/p>\n<p><span style=\"color: #0000ff; font-family: Verdana, sans-serif; font-size: medium;\"><b><span style=\"font-size: medium;\"><span style=\"color: #00aa00; font-size: medium;\"><u>Hier die Ergebnisdienste &#8211; Meisterschaften &#8211; des Kreises und und des Landesverbandes<\/u>:<\/span><br \/>\n<\/span><\/b><br \/>\n<span style=\"color: #3366ff;\"><a style=\"color: #3366ff;\" href=\"http:\/\/www.wsv1850.de\/index.php\/sport\/\" target=\"_blank\" rel=\"noopener noreferrer\">Ergebnisse W\u00fcrttembergische Meisterschaft<\/a><\/span><\/span><\/p>\n<p><span style=\"color: #3366ff; font-size: medium;\"><a style=\"color: #3366ff;\" href=\"https:\/\/web.archive.org\/web\/20240624021510\/https:\/\/www.schuetzenkreishohenstaufen.de\/sportarten.html\" target=\"_blank\" rel=\"noopener noreferrer\">Ergebnisse der Kreismeisterschaften (bis 2024 &#8211; alte Seite des Sch\u00fctzenkreises Hohenstaufen)<\/a><\/span><\/p>\n<p><span style=\"color: #3366ff; font-size: medium;\"><a style=\"color: #3366ff;\" href=\"https:\/\/www.schuetzenkreis.de\/sport\/meisterschaften\" target=\"_blank\" rel=\"noopener\">Ergebnisse Kreismeisterschaften Sch\u00fctzenkreis Stauferland<\/a><\/span><\/p>\n","protected":false},"excerpt":{"rendered":"<p>Sch\u00fctzenkreis Stauferland Regionsligen Mittelschwaben W\u00fcrttembergischen Sch\u00fctzenverbandes 1850 e.V. Hier die Ergebnisdienste &#8211; Meisterschaften &#8211; des Kreises und und des Landesverbandes: Ergebnisse W\u00fcrttembergische Meisterschaft Ergebnisse der Kreismeisterschaften (bis 2024 &#8211; alte Seite des Sch\u00fctzenkreises Hohenstaufen) Ergebnisse Kreismeisterschaften Sch\u00fctzenkreis Stauferland<\/p>\n","protected":false},"author":2,"featured_media":0,"parent":504,"menu_order":0,"comment_status":"closed","ping_status":"closed","template":"","meta":{"ngg_post_thumbnail":0,"footnotes":""},"class_list":["post-517","page","type-page","status-publish","hentry"],"_links":{"self":[{"href":"https:\/\/www.sv-gruibingen1906.de\/index.php?rest_route=\/wp\/v2\/pages\/517","targetHints":{"allow":["GET"]}}],"collection":[{"href":"https:\/\/www.sv-gruibingen1906.de\/index.php?rest_route=\/wp\/v2\/pages"}],"about":[{"href":"https:\/\/www.sv-gruibingen1906.de\/index.php?rest_route=\/wp\/v2\/types\/page"}],"author":[{"embeddable":true,"href":"https:\/\/www.sv-gruibingen1906.de\/index.php?rest_route=\/wp\/v2\/users\/2"}],"replies":[{"embeddable":true,"href":"https:\/\/www.sv-gruibingen1906.de\/index.php?rest_route=%2Fwp%2Fv2%2Fcomments&post=517"}],"version-history":[{"count":19,"href":"https:\/\/www.sv-gruibingen1906.de\/index.php?rest_route=\/wp\/v2\/pages\/517\/revisions"}],"predecessor-version":[{"id":2759,"href":"https:\/\/www.sv-gruibingen1906.de\/index.php?rest_route=\/wp\/v2\/pages\/517\/revisions\/2759"}],"up":[{"embeddable":true,"href":"https:\/\/www.sv-gruibingen1906.de\/index.php?rest_route=\/wp\/v2\/pages\/504"}],"wp:attachment":[{"href":"https:\/\/www.sv-gruibingen1906.de\/index.php?rest_route=%2Fwp%2Fv2%2Fmedia&parent=517"}],"curies":[{"name":"wp","href":"https:\/\/api.w.org\/{rel}","templated":true}]}}