{"id":510,"date":"2017-05-26T12:34:03","date_gmt":"2017-05-26T10:34:03","guid":{"rendered":"http:\/\/blog.sv-gruibingen1906.de\/?page_id=510"},"modified":"2019-05-05T13:20:46","modified_gmt":"2019-05-05T11:20:46","slug":"schiessanlagen","status":"publish","type":"page","link":"https:\/\/www.sv-gruibingen1906.de\/?page_id=510","title":{"rendered":"Schie\u00dfanlagen"},"content":{"rendered":"<p><span style=\"text-decoration: underline;\"><span style=\"color: #339966;\"><strong>Wir verf\u00fcgen \u00fcber eine optimale Ausstattung an Schie\u00dfanlagen:<\/strong><\/span><\/span><\/p>\n<p style=\"text-align: justify;\">Die technische Ausstattung unserer Raumschie\u00dfanlage erm\u00f6glicht ein vielf\u00e4ltiges Schie\u00dftraining. Auf hohem Niveau k\u00f6nnen alle Sportdisziplinen und \u00dcbungen im praktischen Schie\u00dfen, im sportlichen Bereich und auch f\u00fcr alle Waffentr\u00e4ger, die ihre Pflichtschie\u00dfen durchf\u00fchren m\u00fcssen, absolviert werden.<\/p>\n<p><img loading=\"lazy\" decoding=\"async\" class=\"wp-image-585 size-medium alignright\" src=\"https:\/\/www.sv-gruibingen1906.de\/wp-content\/uploads\/2017\/05\/Schiessanlage_1-300x169.jpg\" alt=\"\" width=\"300\" height=\"169\" srcset=\"https:\/\/www.sv-gruibingen1906.de\/wp-content\/uploads\/2017\/05\/Schiessanlage_1-300x169.jpg 300w, https:\/\/www.sv-gruibingen1906.de\/wp-content\/uploads\/2017\/05\/Schiessanlage_1-768x433.jpg 768w, https:\/\/www.sv-gruibingen1906.de\/wp-content\/uploads\/2017\/05\/Schiessanlage_1-1024x577.jpg 1024w, https:\/\/www.sv-gruibingen1906.de\/wp-content\/uploads\/2017\/05\/Schiessanlage_1-624x352.jpg 624w, https:\/\/www.sv-gruibingen1906.de\/wp-content\/uploads\/2017\/05\/Schiessanlage_1.jpg 1632w\" sizes=\"auto, (max-width: 300px) 100vw, 300px\" \/><\/p>\n<p style=\"text-align: justify;\">Die Raumschie\u00dfanlage besteht insgesamt aus 12 voneinander unabh\u00e4ngigen Schie\u00dfst\u00e4nden mit Sch\u00fctzenbahnen, die eine ungest\u00f6rte individuelle Atmosph\u00e4re beim Schie\u00dftraining bieten.<\/p>\n<p style=\"text-align: justify;\">Die vereinseigene Freiluftschie\u00dfanlagen sind ausgestattet mit einer KK-Bahn mit f\u00fcnf elektronischen Bahnen und einem teil\u00fcberdachten Pistolenstand mit f\u00fcnf Bahnen.<\/p>\n<p>Was bieten wir noch? &#8211; Bei Fragen oder Anmerkungen wenden Sie sich bitte an:<\/p>\n<p>E-Mail: <span style=\"color: #339966;\">oberschuetzenmeister(at)sv-gruibingen1906.de<\/span><\/p>\n<p>Hinweis: Als Spamschutz wurde das @-Zeichen in den Mailadressen durch (at) ersetzt.<\/p>\n<p><img loading=\"lazy\" decoding=\"async\" class=\"alignleft size-medium wp-image-584\" src=\"https:\/\/www.sv-gruibingen1906.de\/wp-content\/uploads\/2017\/05\/Schiessanlage-300x225.jpg\" alt=\"\" width=\"300\" height=\"225\" srcset=\"https:\/\/www.sv-gruibingen1906.de\/wp-content\/uploads\/2017\/05\/Schiessanlage-300x225.jpg 300w, https:\/\/www.sv-gruibingen1906.de\/wp-content\/uploads\/2017\/05\/Schiessanlage-768x576.jpg 768w, https:\/\/www.sv-gruibingen1906.de\/wp-content\/uploads\/2017\/05\/Schiessanlage-1024x768.jpg 1024w, https:\/\/www.sv-gruibingen1906.de\/wp-content\/uploads\/2017\/05\/Schiessanlage-624x468.jpg 624w, https:\/\/www.sv-gruibingen1906.de\/wp-content\/uploads\/2017\/05\/Schiessanlage.jpg 2048w\" sizes=\"auto, (max-width: 300px) 100vw, 300px\" \/><\/p>\n","protected":false},"excerpt":{"rendered":"<p>Wir verf\u00fcgen \u00fcber eine optimale Ausstattung an Schie\u00dfanlagen: Die technische Ausstattung unserer Raumschie\u00dfanlage erm\u00f6glicht ein vielf\u00e4ltiges Schie\u00dftraining. Auf hohem Niveau k\u00f6nnen alle Sportdisziplinen und \u00dcbungen im praktischen Schie\u00dfen, im sportlichen Bereich und auch f\u00fcr alle Waffentr\u00e4ger, die ihre Pflichtschie\u00dfen durchf\u00fchren m\u00fcssen, absolviert werden. Die Raumschie\u00dfanlage besteht insgesamt aus 12 voneinander unabh\u00e4ngigen Schie\u00dfst\u00e4nden mit Sch\u00fctzenbahnen, die [&hellip;]<\/p>\n","protected":false},"author":2,"featured_media":0,"parent":366,"menu_order":0,"comment_status":"closed","ping_status":"closed","template":"","meta":{"ngg_post_thumbnail":0,"footnotes":""},"class_list":["post-510","page","type-page","status-publish","hentry"],"_links":{"self":[{"href":"https:\/\/www.sv-gruibingen1906.de\/index.php?rest_route=\/wp\/v2\/pages\/510","targetHints":{"allow":["GET"]}}],"collection":[{"href":"https:\/\/www.sv-gruibingen1906.de\/index.php?rest_route=\/wp\/v2\/pages"}],"about":[{"href":"https:\/\/www.sv-gruibingen1906.de\/index.php?rest_route=\/wp\/v2\/types\/page"}],"author":[{"embeddable":true,"href":"https:\/\/www.sv-gruibingen1906.de\/index.php?rest_route=\/wp\/v2\/users\/2"}],"replies":[{"embeddable":true,"href":"https:\/\/www.sv-gruibingen1906.de\/index.php?rest_route=%2Fwp%2Fv2%2Fcomments&post=510"}],"version-history":[{"count":9,"href":"https:\/\/www.sv-gruibingen1906.de\/index.php?rest_route=\/wp\/v2\/pages\/510\/revisions"}],"predecessor-version":[{"id":1715,"href":"https:\/\/www.sv-gruibingen1906.de\/index.php?rest_route=\/wp\/v2\/pages\/510\/revisions\/1715"}],"up":[{"embeddable":true,"href":"https:\/\/www.sv-gruibingen1906.de\/index.php?rest_route=\/wp\/v2\/pages\/366"}],"wp:attachment":[{"href":"https:\/\/www.sv-gruibingen1906.de\/index.php?rest_route=%2Fwp%2Fv2%2Fmedia&parent=510"}],"curies":[{"name":"wp","href":"https:\/\/api.w.org\/{rel}","templated":true}]}}