{"id":496,"date":"2017-05-26T11:44:08","date_gmt":"2017-05-26T09:44:08","guid":{"rendered":"http:\/\/blog.sv-gruibingen1906.de\/?page_id=496"},"modified":"2019-05-05T13:18:02","modified_gmt":"2019-05-05T11:18:02","slug":"mitglied-werden","status":"publish","type":"page","link":"https:\/\/www.sv-gruibingen1906.de\/?page_id=496","title":{"rendered":"Mitglied werden"},"content":{"rendered":"<h2 style=\"text-align: center;\"><span style=\"color: #339966;\"><img loading=\"lazy\" decoding=\"async\" class=\"alignleft size-medium wp-image-583\" src=\"https:\/\/www.sv-gruibingen1906.de\/wp-content\/uploads\/2017\/05\/LG_Mannschaft-300x169.jpg\" alt=\"\" width=\"300\" height=\"169\" srcset=\"https:\/\/www.sv-gruibingen1906.de\/wp-content\/uploads\/2017\/05\/LG_Mannschaft-300x169.jpg 300w, https:\/\/www.sv-gruibingen1906.de\/wp-content\/uploads\/2017\/05\/LG_Mannschaft-768x433.jpg 768w, https:\/\/www.sv-gruibingen1906.de\/wp-content\/uploads\/2017\/05\/LG_Mannschaft-1024x577.jpg 1024w, https:\/\/www.sv-gruibingen1906.de\/wp-content\/uploads\/2017\/05\/LG_Mannschaft-624x352.jpg 624w, https:\/\/www.sv-gruibingen1906.de\/wp-content\/uploads\/2017\/05\/LG_Mannschaft.jpg 2048w\" sizes=\"auto, (max-width: 300px) 100vw, 300px\" \/><span style=\"text-decoration: underline;\">Werde Mitglied im Sch\u00fctzenverein!<\/span><\/span><\/h2>\n<p style=\"text-align: justify;\">Sportschie\u00dfen macht Spa\u00df und f\u00f6rdert die Konzentration und Disziplin. Als Ausgleich zum t\u00e4glichen Stress in Schule und Beruf ist Sportschie\u00dfen eine ideale Freizeitbesch\u00e4ftigung.<\/p>\n<p style=\"text-align: justify;\">Unter fach- und sachkundiger Anleitung k\u00f6nnen Jugendliche (ab 12 Jahre) oder auch Erwachsene den Umgang mit dem Sportger\u00e4t Luftgewehr und Luftpistole, bei bestimmten Voraussetzungen auch den Umgang mit scharfen Waffen, erlernen und ihr K\u00f6nnen im sp\u00e4teren Wettkampf in unseren Mannschaften unter Beweis stellen. Dass Sportschie\u00dfen durchaus Leistungssport sein kann, haben Olympiasieger im Schie\u00dfen schon oft bewiesen.<\/p>\n<p><img loading=\"lazy\" decoding=\"async\" class=\"alignleft size-medium wp-image-497\" src=\"https:\/\/www.sv-gruibingen1906.de\/wp-content\/uploads\/2017\/05\/DOSB_Kampagne_Nachwuchs_Luftdruck-300x211.jpg\" alt=\"\" width=\"300\" height=\"211\" srcset=\"https:\/\/www.sv-gruibingen1906.de\/wp-content\/uploads\/2017\/05\/DOSB_Kampagne_Nachwuchs_Luftdruck-300x211.jpg 300w, https:\/\/www.sv-gruibingen1906.de\/wp-content\/uploads\/2017\/05\/DOSB_Kampagne_Nachwuchs_Luftdruck-768x540.jpg 768w, https:\/\/www.sv-gruibingen1906.de\/wp-content\/uploads\/2017\/05\/DOSB_Kampagne_Nachwuchs_Luftdruck-1024x721.jpg 1024w, https:\/\/www.sv-gruibingen1906.de\/wp-content\/uploads\/2017\/05\/DOSB_Kampagne_Nachwuchs_Luftdruck-624x439.jpg 624w, https:\/\/www.sv-gruibingen1906.de\/wp-content\/uploads\/2017\/05\/DOSB_Kampagne_Nachwuchs_Luftdruck.jpg 1232w\" sizes=\"auto, (max-width: 300px) 100vw, 300px\" \/><\/p>\n<p style=\"text-align: justify;\">Geschossen wird bei uns mit dem Luftgewehr und der Luftpistole auf 12 witterungs-unabh\u00e4ngigen vollelektronischen 10m-Bahnen in der Halle, mit der Sportpistole auf 5 teil\u00fcberdachten 25m-Bahnen und mit dem Kleinkalibergewehr und der Freien Pistole auf 5 computergesteuerten 50m-Bahnen. Vereinseigene Leihwaffen stehen f\u00fcr den Anfang in ausreichender Anzahl zur Verf\u00fcgung.<\/p>\n<p style=\"text-align: justify;\">Neben Wettkampf und Meisterschaften finden nat\u00fcrlich bei uns auch gesellige Veranstaltungen statt, wie sie zu einem ordentlichen Vereinsleben geh\u00f6ren.<\/p>\n<p style=\"text-align: justify;\">Haben wir Euer Interesse geweckt? Schaut einfach mal vorbei!<\/p>\n<p>Wollt Ihr weitere&nbsp;Informationen \u00fcber den Schie\u00dfsport, dann k\u00f6nnt Ihr auf den Seiten des DSB und des WSV 1850 e.V. mehr \u00fcber den Schie\u00dfsport erfahren:<\/p>\n<ul>\n<li style=\"padding-left: 30px;\"><a href=\"http:\/\/www.ziel-im-visier.de\/inhalt\/Verein_in_meiner_Naehe\/\" target=\"_blank\" rel=\"noopener noreferrer\">Aktion Ziel im Visier &#8211; Der Verein in ihrer N\u00e4he!<\/a><\/li>\n<li style=\"padding-left: 30px;\"><a href=\"http:\/\/www.dsb.de\/start\/\" target=\"_blank\" rel=\"noopener noreferrer\">Der Deutsche Sch\u00fctzenbund e.V.<\/a><\/li>\n<li style=\"padding-left: 30px;\"><a href=\"http:\/\/www.wsv1850.de\/\" target=\"_blank\" rel=\"noopener noreferrer\">Der W\u00fcrttembergische Sch\u00fctzenverband 1850 e.V.<\/a><\/li>\n<\/ul>\n<div id=\"attachment_455\" style=\"width: 310px\" class=\"wp-caption alignleft\"><img loading=\"lazy\" decoding=\"async\" aria-describedby=\"caption-attachment-455\" class=\"size-medium wp-image-455\" src=\"https:\/\/www.sv-gruibingen1906.de\/wp-content\/uploads\/2017\/05\/1446013-300x200.jpg\" alt=\"\" width=\"300\" height=\"200\" srcset=\"https:\/\/www.sv-gruibingen1906.de\/wp-content\/uploads\/2017\/05\/1446013-300x200.jpg 300w, https:\/\/www.sv-gruibingen1906.de\/wp-content\/uploads\/2017\/05\/1446013.jpg 400w\" sizes=\"auto, (max-width: 300px) 100vw, 300px\" \/><p id=\"caption-attachment-455\" class=\"wp-caption-text\">Viele unserer ehemaligen Jungsch\u00fctzen sind heute erfolgreiche Sch\u00fctzen!<\/p><\/div>\n<p>&nbsp;<\/p>\n<p>&nbsp;<\/p>\n<p>&nbsp;<\/p>\n<p>&nbsp;<\/p>\n<p>&nbsp;<\/p>\n<p>&nbsp;<\/p>\n<p><strong><span style=\"color: #339966;\">Unser Flyer<\/span><\/strong><\/p>\n<p><img loading=\"lazy\" decoding=\"async\" class=\"alignleft size-full wp-image-581\" src=\"https:\/\/www.sv-gruibingen1906.de\/wp-content\/uploads\/2017\/05\/Flyer_2.jpg\" alt=\"\" width=\"960\" height=\"679\" srcset=\"https:\/\/www.sv-gruibingen1906.de\/wp-content\/uploads\/2017\/05\/Flyer_2.jpg 960w, https:\/\/www.sv-gruibingen1906.de\/wp-content\/uploads\/2017\/05\/Flyer_2-300x212.jpg 300w, https:\/\/www.sv-gruibingen1906.de\/wp-content\/uploads\/2017\/05\/Flyer_2-768x543.jpg 768w, https:\/\/www.sv-gruibingen1906.de\/wp-content\/uploads\/2017\/05\/Flyer_2-624x441.jpg 624w\" sizes=\"auto, (max-width: 960px) 100vw, 960px\" \/><\/p>\n<hr>\n<p><img loading=\"lazy\" decoding=\"async\" class=\"alignleft wp-image-580 size-full\" src=\"https:\/\/www.sv-gruibingen1906.de\/wp-content\/uploads\/2017\/05\/Flyer.jpg\" alt=\"\" width=\"960\" height=\"679\" srcset=\"https:\/\/www.sv-gruibingen1906.de\/wp-content\/uploads\/2017\/05\/Flyer.jpg 960w, https:\/\/www.sv-gruibingen1906.de\/wp-content\/uploads\/2017\/05\/Flyer-300x212.jpg 300w, https:\/\/www.sv-gruibingen1906.de\/wp-content\/uploads\/2017\/05\/Flyer-768x543.jpg 768w, https:\/\/www.sv-gruibingen1906.de\/wp-content\/uploads\/2017\/05\/Flyer-624x441.jpg 624w\" sizes=\"auto, (max-width: 960px) 100vw, 960px\" \/><\/p>\n","protected":false},"excerpt":{"rendered":"<p>Werde Mitglied im Sch\u00fctzenverein! Sportschie\u00dfen macht Spa\u00df und f\u00f6rdert die Konzentration und Disziplin. Als Ausgleich zum t\u00e4glichen Stress in Schule und Beruf ist Sportschie\u00dfen eine ideale Freizeitbesch\u00e4ftigung. Unter fach- und sachkundiger Anleitung k\u00f6nnen Jugendliche (ab 12 Jahre) oder auch Erwachsene den Umgang mit dem Sportger\u00e4t Luftgewehr und Luftpistole, bei bestimmten Voraussetzungen auch den Umgang mit [&hellip;]<\/p>\n","protected":false},"author":2,"featured_media":0,"parent":366,"menu_order":0,"comment_status":"closed","ping_status":"closed","template":"","meta":{"ngg_post_thumbnail":0,"footnotes":""},"class_list":["post-496","page","type-page","status-publish","hentry"],"_links":{"self":[{"href":"https:\/\/www.sv-gruibingen1906.de\/index.php?rest_route=\/wp\/v2\/pages\/496","targetHints":{"allow":["GET"]}}],"collection":[{"href":"https:\/\/www.sv-gruibingen1906.de\/index.php?rest_route=\/wp\/v2\/pages"}],"about":[{"href":"https:\/\/www.sv-gruibingen1906.de\/index.php?rest_route=\/wp\/v2\/types\/page"}],"author":[{"embeddable":true,"href":"https:\/\/www.sv-gruibingen1906.de\/index.php?rest_route=\/wp\/v2\/users\/2"}],"replies":[{"embeddable":true,"href":"https:\/\/www.sv-gruibingen1906.de\/index.php?rest_route=%2Fwp%2Fv2%2Fcomments&post=496"}],"version-history":[{"count":8,"href":"https:\/\/www.sv-gruibingen1906.de\/index.php?rest_route=\/wp\/v2\/pages\/496\/revisions"}],"predecessor-version":[{"id":1713,"href":"https:\/\/www.sv-gruibingen1906.de\/index.php?rest_route=\/wp\/v2\/pages\/496\/revisions\/1713"}],"up":[{"embeddable":true,"href":"https:\/\/www.sv-gruibingen1906.de\/index.php?rest_route=\/wp\/v2\/pages\/366"}],"wp:attachment":[{"href":"https:\/\/www.sv-gruibingen1906.de\/index.php?rest_route=%2Fwp%2Fv2%2Fmedia&parent=496"}],"curies":[{"name":"wp","href":"https:\/\/api.w.org\/{rel}","templated":true}]}}