{"id":491,"date":"2017-05-26T11:06:29","date_gmt":"2017-05-26T09:06:29","guid":{"rendered":"http:\/\/blog.sv-gruibingen1906.de\/?page_id=491"},"modified":"2019-05-05T20:27:19","modified_gmt":"2019-05-05T18:27:19","slug":"geschichte-des-vereins","status":"publish","type":"page","link":"https:\/\/www.sv-gruibingen1906.de\/?page_id=491","title":{"rendered":"Geschichte des Vereins"},"content":{"rendered":"<h2 style=\"text-align: center;\"><span style=\"text-decoration: underline; color: #339966;\">Gr\u00fcndung im Jahre 1906<\/span><\/h2>\n<p align=\"left\"><span style=\"font-family: Verdana, sans-serif; font-size: small;\"><img loading=\"lazy\" decoding=\"async\" class=\"alignleft wp-image-493 size-medium\" src=\"https:\/\/www.sv-gruibingen1906.de\/wp-content\/uploads\/2017\/05\/Scheibe_III-300x275.jpg\" alt=\"\" width=\"300\" height=\"275\" srcset=\"https:\/\/www.sv-gruibingen1906.de\/wp-content\/uploads\/2017\/05\/Scheibe_III-300x275.jpg 300w, https:\/\/www.sv-gruibingen1906.de\/wp-content\/uploads\/2017\/05\/Scheibe_III-624x572.jpg 624w, https:\/\/www.sv-gruibingen1906.de\/wp-content\/uploads\/2017\/05\/Scheibe_III.jpg 642w\" sizes=\"auto, (max-width: 300px) 100vw, 300px\" \/><\/span><\/p>\n<p style=\"text-align: justify;\">Am 10. Dezember 1906 wurde im Gasthaus Adler der Zimmerstutzenverein Gruibingen von folgenden Mitgliedern gegr\u00fcndet:<\/p>\n<p style=\"text-align: justify;\">Thomas Schall, Karl Straub,Wilhelm N\u00e4gele, Johannes Schloz, Fritz Eberhard, Paul Schall, Otto Moll, Jakob Moll, Gustav N\u00e4gele, Christo Spengler jun., Jakob Wolf, Friedrich Moll, Michael Moll, Georg Moll (Stra\u00dfenwart), Christoph Spengler, Christoph \u00dcbele, &nbsp;Andreas Moll, Gottlieb Straub, Heinrich M\u00fcller, Karl Straub (Gipser), Eduard Schall, Albert G\u00f6lz, Georg Halder, Georg Moll (Gipser), Wilhelm Gunzenhauser, Jakob Halder, Wilhelm B\u00e4uerle, Gotthilf Zimmermann, Friedrich B\u00f6tzel.<\/p>\n<p><img loading=\"lazy\" decoding=\"async\" class=\"alignright wp-image-492 size-medium\" src=\"https:\/\/www.sv-gruibingen1906.de\/wp-content\/uploads\/2017\/05\/Scheibe_II-1-300x271.jpg\" alt=\"\" width=\"300\" height=\"271\" srcset=\"https:\/\/www.sv-gruibingen1906.de\/wp-content\/uploads\/2017\/05\/Scheibe_II-1-300x271.jpg 300w, https:\/\/www.sv-gruibingen1906.de\/wp-content\/uploads\/2017\/05\/Scheibe_II-1-624x563.jpg 624w, https:\/\/www.sv-gruibingen1906.de\/wp-content\/uploads\/2017\/05\/Scheibe_II-1.jpg 639w\" sizes=\"auto, (max-width: 300px) 100vw, 300px\" \/><\/p>\n<p style=\"text-align: justify;\">Das Amt der Vereinsf\u00fchrung \u00fcbernahm erstmals Jakob Halder. Als Vereinslokal wurde das Gasthaus Adler festgelegt, wo auch geschossen wurde. Das erste Schie\u00dfen wurde bereits am 19. und 29. Dezember 1906 ausgetragen.<\/p>\n<p>&nbsp;<\/p>\n<p>&nbsp;<\/p>\n<p>&nbsp;<\/p>\n<hr>\n<h2 style=\"text-align: center;\"><span style=\"text-decoration: underline;\"><span style=\"color: #339966; text-decoration: underline;\">\u00dcber 110 Jahre&nbsp;Sch\u00fctzenverein Gruibingen<\/span><\/span><\/h2>\n<p style=\"text-align: justify;\">Aus Gruibingen wird folgendes berichtet (Dies ist im Gruibinger Heimatbuch nachzulesen!):<\/p>\n<p style=\"text-align: justify;\">\u201eDurch die Vielzahl der \u00c4mter und Dienstlen war im Ergebnis ein Gro\u00dfteil der Einwohnerschaft<\/p>\n<p><img loading=\"lazy\" decoding=\"async\" class=\"alignright wp-image-395 size-medium\" src=\"https:\/\/www.sv-gruibingen1906.de\/wp-content\/uploads\/2017\/05\/Fahne_Seite_I-300x252.jpg\" alt=\"\" width=\"300\" height=\"252\" srcset=\"https:\/\/www.sv-gruibingen1906.de\/wp-content\/uploads\/2017\/05\/Fahne_Seite_I-300x252.jpg 300w, https:\/\/www.sv-gruibingen1906.de\/wp-content\/uploads\/2017\/05\/Fahne_Seite_I-624x523.jpg 624w, https:\/\/www.sv-gruibingen1906.de\/wp-content\/uploads\/2017\/05\/Fahne_Seite_I.jpg 675w\" sizes=\"auto, (max-width: 300px) 100vw, 300px\" \/><\/p>\n<p style=\"text-align: justify;\">\u2013 wenigstens der m\u00e4nnlichen \u2013 in die \u00f6ffentliche Verantwortung mit einbezogen. Solidarit\u00e4t der Fleckengenossenschaft oder Untertanenpflicht, wo war der Unterschied? Mit der Freiwilligkeit war es dabei oft nicht soweit her. Das B\u00fcrgerrecht brachte eben auch B\u00fcrgerpflichten mit sich, wie die Feuerwehrpflicht, die Landwehrpflicht und die Verpflichtung zu einer Vielfalt von Frondiensten. Da hing in jedem Haushalt der lederne Feuerwehrk\u00fcbel griffbereit, und jeder B\u00fcrger hatte sein Gewehr im Schrank; das Blei und Pulver zum Exerzieren drau\u00dfen beim Sch\u00fctzenh\u00e4usle und zum amtlich verordneten Spatzenschie\u00dfen wurde vom Flecken zugeteilt. So wurde im Jahre 1367 zum ersten Mal urkundlich das Sch\u00fctzenwesen in Gruibingen erw\u00e4hnt.<\/p>\n<p style=\"text-align: justify;\">Das kostbare \u201eB\u00fcrgerrecht\u201c unterschied einen echten Gruibinger streng von den wenigen blo\u00dfen \u201eBeisitzern\u201c und den Fremden. Ins B\u00fcrgerrecht aufgenommen zu werden, war gar nicht so einfach. Am ehesten gelang es, wenn einer B\u00fcrgersohn war, Verm\u00f6gen besa\u00df, die Tochter oder Witwe eines B\u00fcrgers ehelichte und seines Vorg\u00e4ngers oder Schwiegervaters Landwirtschaft oder Handwerk \u00fcbernahm. Konnte er nachweisen, dass er von ehrlichen Eltern, unbescholten und frei von Leibeigenschaft war und wenigstens 200 Gulden \u201eim Verm\u00f6gen\u201c besa\u00df, brauchte er noch 9 Gulden B\u00fcrgergeld zu erlegen und im n\u00e4chsten Fr\u00fchjahr zwei B\u00e4ume pflanzen sowie nachzuweisen, dass er \u00fcber \u201eOber-Untergewehr\u201c (Schie\u00dfgewehr und Seitengewehr) samt Feuerk\u00fcbel verf\u00fcgte, denn als Neub\u00fcrger unterlag er auch der \u00fcblichen Landwehr- und Feuerwehrpflicht. War er ein \u201eAusl\u00e4nder\u201c, etwa von Merklingen oder Eschenbach, wurde ihm neben dem B\u00fcrgereid auch noch f\u00f6rmlich der Untertaneneid abverlangt.\u201c<\/p>\n","protected":false},"excerpt":{"rendered":"<p>Gr\u00fcndung im Jahre 1906 Am 10. Dezember 1906 wurde im Gasthaus Adler der Zimmerstutzenverein Gruibingen von folgenden Mitgliedern gegr\u00fcndet: Thomas Schall, Karl Straub,Wilhelm N\u00e4gele, Johannes Schloz, Fritz Eberhard, Paul Schall, Otto Moll, Jakob Moll, Gustav N\u00e4gele, Christo Spengler jun., Jakob Wolf, Friedrich Moll, Michael Moll, Georg Moll (Stra\u00dfenwart), Christoph Spengler, Christoph \u00dcbele, &nbsp;Andreas Moll, Gottlieb [&hellip;]<\/p>\n","protected":false},"author":2,"featured_media":0,"parent":366,"menu_order":0,"comment_status":"closed","ping_status":"closed","template":"","meta":{"ngg_post_thumbnail":0,"footnotes":""},"class_list":["post-491","page","type-page","status-publish","hentry"],"_links":{"self":[{"href":"https:\/\/www.sv-gruibingen1906.de\/index.php?rest_route=\/wp\/v2\/pages\/491","targetHints":{"allow":["GET"]}}],"collection":[{"href":"https:\/\/www.sv-gruibingen1906.de\/index.php?rest_route=\/wp\/v2\/pages"}],"about":[{"href":"https:\/\/www.sv-gruibingen1906.de\/index.php?rest_route=\/wp\/v2\/types\/page"}],"author":[{"embeddable":true,"href":"https:\/\/www.sv-gruibingen1906.de\/index.php?rest_route=\/wp\/v2\/users\/2"}],"replies":[{"embeddable":true,"href":"https:\/\/www.sv-gruibingen1906.de\/index.php?rest_route=%2Fwp%2Fv2%2Fcomments&post=491"}],"version-history":[{"count":6,"href":"https:\/\/www.sv-gruibingen1906.de\/index.php?rest_route=\/wp\/v2\/pages\/491\/revisions"}],"predecessor-version":[{"id":1737,"href":"https:\/\/www.sv-gruibingen1906.de\/index.php?rest_route=\/wp\/v2\/pages\/491\/revisions\/1737"}],"up":[{"embeddable":true,"href":"https:\/\/www.sv-gruibingen1906.de\/index.php?rest_route=\/wp\/v2\/pages\/366"}],"wp:attachment":[{"href":"https:\/\/www.sv-gruibingen1906.de\/index.php?rest_route=%2Fwp%2Fv2%2Fmedia&parent=491"}],"curies":[{"name":"wp","href":"https:\/\/api.w.org\/{rel}","templated":true}]}}