{"id":379,"date":"2017-05-26T10:17:52","date_gmt":"2017-05-26T08:17:52","guid":{"rendered":"http:\/\/blog.sv-gruibingen1906.de\/?page_id=379"},"modified":"2019-05-05T13:34:19","modified_gmt":"2019-05-05T11:34:19","slug":"tradition","status":"publish","type":"page","link":"https:\/\/www.sv-gruibingen1906.de\/?page_id=379","title":{"rendered":"Tradition"},"content":{"rendered":"<p style=\"text-align: justify;\">Um die Tradition und den Zusammenhalt des Sch\u00fctzenvereins zu pflegen und zu st\u00e4rken, wird seit etlichen Jahren regelm\u00e4\u00dfig ein Kornbergpokalschie\u00dfen durchgef\u00fchrt.<\/p>\n<p style=\"text-align: justify;\">Geschossen wird mit dem Luftgewehr auf eine 10 Meter entfernte Ringscheibe, hierbei hat jeder Sch\u00fctze xxx Probe und 20 Wertungssch\u00fcsse.<\/p>\n<p style=\"text-align: justify;\">Die Geschichte der <span style=\"color: #005500;\"><a href=\"https:\/\/www.gruibingen.de\" target=\"_blank\" rel=\"noopener noreferrer\">Gemeinde Gruibingen<\/a> ist eng mit der Tradition des Sch\u00fctzenverein<img loading=\"lazy\" decoding=\"async\" class=\"alignright size-full wp-image-458\" src=\"https:\/\/www.sv-gruibingen1906.de\/wp-content\/uploads\/2017\/05\/1489430.jpg\" alt=\"\" width=\"355\" height=\"450\" srcset=\"https:\/\/www.sv-gruibingen1906.de\/wp-content\/uploads\/2017\/05\/1489430.jpg 355w, https:\/\/www.sv-gruibingen1906.de\/wp-content\/uploads\/2017\/05\/1489430-237x300.jpg 237w\" sizes=\"auto, (max-width: 355px) 100vw, 355px\" \/> <\/span>Gruibingen verkn\u00fcpft. Mit seiner inzwischen \u00fcber ca. 650-j\u00e4hrigen Geschichte geh\u00f6rt unser Verein zu den traditionsreichsten Vereinen in seiner Region und ist einer der \u00e4ltesten im Landkreis.<\/p>\n<p style=\"text-align: justify;\">Trotz dieser gro\u00dfen Tradition hat sich der Verein schon vor ca. 110 Jahren von einem alten Brauchtum getrennt. Die Uniformen alten Stils mit milit\u00e4rischen Orden, Rang- und Dienstgradabzeichen wurden ablegt. Seitdem hat sich der Verein \u00fcberwiegend dem Sportschie\u00dfen verschrieben.<\/p>\n","protected":false},"excerpt":{"rendered":"<p>Um die Tradition und den Zusammenhalt des Sch\u00fctzenvereins zu pflegen und zu st\u00e4rken, wird seit etlichen Jahren regelm\u00e4\u00dfig ein Kornbergpokalschie\u00dfen durchgef\u00fchrt. Geschossen wird mit dem Luftgewehr auf eine 10 Meter entfernte Ringscheibe, hierbei hat jeder Sch\u00fctze xxx Probe und 20 Wertungssch\u00fcsse. Die Geschichte der Gemeinde Gruibingen ist eng mit der Tradition des Sch\u00fctzenverein Gruibingen verkn\u00fcpft. [&hellip;]<\/p>\n","protected":false},"author":2,"featured_media":0,"parent":366,"menu_order":0,"comment_status":"closed","ping_status":"closed","template":"","meta":{"ngg_post_thumbnail":0,"footnotes":""},"class_list":["post-379","page","type-page","status-publish","hentry"],"_links":{"self":[{"href":"https:\/\/www.sv-gruibingen1906.de\/index.php?rest_route=\/wp\/v2\/pages\/379","targetHints":{"allow":["GET"]}}],"collection":[{"href":"https:\/\/www.sv-gruibingen1906.de\/index.php?rest_route=\/wp\/v2\/pages"}],"about":[{"href":"https:\/\/www.sv-gruibingen1906.de\/index.php?rest_route=\/wp\/v2\/types\/page"}],"author":[{"embeddable":true,"href":"https:\/\/www.sv-gruibingen1906.de\/index.php?rest_route=\/wp\/v2\/users\/2"}],"replies":[{"embeddable":true,"href":"https:\/\/www.sv-gruibingen1906.de\/index.php?rest_route=%2Fwp%2Fv2%2Fcomments&post=379"}],"version-history":[{"count":6,"href":"https:\/\/www.sv-gruibingen1906.de\/index.php?rest_route=\/wp\/v2\/pages\/379\/revisions"}],"predecessor-version":[{"id":1716,"href":"https:\/\/www.sv-gruibingen1906.de\/index.php?rest_route=\/wp\/v2\/pages\/379\/revisions\/1716"}],"up":[{"embeddable":true,"href":"https:\/\/www.sv-gruibingen1906.de\/index.php?rest_route=\/wp\/v2\/pages\/366"}],"wp:attachment":[{"href":"https:\/\/www.sv-gruibingen1906.de\/index.php?rest_route=%2Fwp%2Fv2%2Fmedia&parent=379"}],"curies":[{"name":"wp","href":"https:\/\/api.w.org\/{rel}","templated":true}]}}