{"id":366,"date":"2017-05-25T17:42:50","date_gmt":"2017-05-25T15:42:50","guid":{"rendered":"http:\/\/blog.sv-gruibingen1906.de\/?page_id=366"},"modified":"2019-05-05T14:03:53","modified_gmt":"2019-05-05T12:03:53","slug":"der-sv-gruibingen","status":"publish","type":"page","link":"https:\/\/www.sv-gruibingen1906.de\/?page_id=366","title":{"rendered":""},"content":{"rendered":"<p><img loading=\"lazy\" decoding=\"async\" class=\"aligncenter wp-image-397 size-medium\" src=\"https:\/\/www.sv-gruibingen1906.de\/wp-content\/uploads\/2017\/05\/Fahne_Seite_II-300x237.jpg\" alt=\"\" width=\"300\" height=\"237\" srcset=\"https:\/\/www.sv-gruibingen1906.de\/wp-content\/uploads\/2017\/05\/Fahne_Seite_II-300x237.jpg 300w, https:\/\/www.sv-gruibingen1906.de\/wp-content\/uploads\/2017\/05\/Fahne_Seite_II-624x493.jpg 624w, https:\/\/www.sv-gruibingen1906.de\/wp-content\/uploads\/2017\/05\/Fahne_Seite_II.jpg 741w\" sizes=\"auto, (max-width: 300px) 100vw, 300px\" \/><\/p>\n<h2 style=\"text-align: center;\"><span style=\"color: #339966;\"><u>Der Sch\u00fctzenverein<\/u><u> Gruibingen begr\u00fc\u00dft Sie recht herzlich auf seinen Internetseiten!<\/u><\/span><\/h2>\n<h3 style=\"text-align: center;\" align=\"center\"><span style=\"text-decoration: underline;\"><span style=\"color: #339966; text-decoration: underline;\">Wer sind wir?<\/span><\/span><\/h3>\n<p style=\"text-align: justify;\">Der Sch\u00fctzenverein wurde 1906 mit dem Zweck gegr\u00fcndet, Schie\u00dfsportfreunden geeignete Trainingsm\u00f6glichkeiten zu bieten, sowie die Tradition alten Sch\u00fctzenbrauchtums zu erhalten, zu pflegen und zu f\u00f6rdern. Der Verein z\u00e4hlt ca. 150 aktive Mitglieder. Neben <span style=\"color: #339966;\">Wettk\u00e4mpfen<\/span> veranstalten wir <span style=\"color: #339966;\">Sch\u00fctzenfeste<\/span> und <span style=\"color: #339966;\">Pokalschie\u00dfen<\/span> mit befreundeten Vereinen aus der n\u00e4heren Umgebung.<\/p>\n<h3 style=\"text-align: center;\" align=\"left\"><span style=\"text-decoration: underline; color: #339966;\">Wo und wie sind wir erreichbar?<\/span><\/h3>\n<p style=\"text-align: center;\" align=\"left\">Am besten \u00fcber den Vorstand (Impressum).<\/p>\n<h3 style=\"text-align: center;\" align=\"left\"><span style=\"text-decoration: underline; color: #339966;\">Unsere Ziele?<\/span><\/h3>\n<p style=\"text-align: center;\">Ein moderner traditionsbewusster Sch\u00fctzenverein zu sein.<\/p>\n<p><img loading=\"lazy\" decoding=\"async\" class=\"aligncenter wp-image-67 size-full\" src=\"https:\/\/www.sv-gruibingen1906.de\/wp-content\/uploads\/2013\/02\/copy-big_14742335_0_400-2661.jpg\" alt=\"\" width=\"400\" height=\"266\" srcset=\"https:\/\/www.sv-gruibingen1906.de\/wp-content\/uploads\/2013\/02\/copy-big_14742335_0_400-2661.jpg 400w, https:\/\/www.sv-gruibingen1906.de\/wp-content\/uploads\/2013\/02\/copy-big_14742335_0_400-2661-300x199.jpg 300w\" sizes=\"auto, (max-width: 400px) 100vw, 400px\" \/><\/p>\n","protected":false},"excerpt":{"rendered":"<p>Der Sch\u00fctzenverein Gruibingen begr\u00fc\u00dft Sie recht herzlich auf seinen Internetseiten! Wer sind wir? Der Sch\u00fctzenverein wurde 1906 mit dem Zweck gegr\u00fcndet, Schie\u00dfsportfreunden geeignete Trainingsm\u00f6glichkeiten zu bieten, sowie die Tradition alten Sch\u00fctzenbrauchtums zu erhalten, zu pflegen und zu f\u00f6rdern. Der Verein z\u00e4hlt ca. 150 aktive Mitglieder. Neben Wettk\u00e4mpfen veranstalten wir Sch\u00fctzenfeste und Pokalschie\u00dfen mit befreundeten Vereinen [&hellip;]<\/p>\n","protected":false},"author":2,"featured_media":0,"parent":0,"menu_order":0,"comment_status":"closed","ping_status":"closed","template":"","meta":{"ngg_post_thumbnail":0,"footnotes":""},"class_list":["post-366","page","type-page","status-publish","hentry"],"_links":{"self":[{"href":"https:\/\/www.sv-gruibingen1906.de\/index.php?rest_route=\/wp\/v2\/pages\/366","targetHints":{"allow":["GET"]}}],"collection":[{"href":"https:\/\/www.sv-gruibingen1906.de\/index.php?rest_route=\/wp\/v2\/pages"}],"about":[{"href":"https:\/\/www.sv-gruibingen1906.de\/index.php?rest_route=\/wp\/v2\/types\/page"}],"author":[{"embeddable":true,"href":"https:\/\/www.sv-gruibingen1906.de\/index.php?rest_route=\/wp\/v2\/users\/2"}],"replies":[{"embeddable":true,"href":"https:\/\/www.sv-gruibingen1906.de\/index.php?rest_route=%2Fwp%2Fv2%2Fcomments&post=366"}],"version-history":[{"count":10,"href":"https:\/\/www.sv-gruibingen1906.de\/index.php?rest_route=\/wp\/v2\/pages\/366\/revisions"}],"predecessor-version":[{"id":1726,"href":"https:\/\/www.sv-gruibingen1906.de\/index.php?rest_route=\/wp\/v2\/pages\/366\/revisions\/1726"}],"wp:attachment":[{"href":"https:\/\/www.sv-gruibingen1906.de\/index.php?rest_route=%2Fwp%2Fv2%2Fmedia&parent=366"}],"curies":[{"name":"wp","href":"https:\/\/api.w.org\/{rel}","templated":true}]}}