{"id":3177,"date":"2026-04-24T14:34:58","date_gmt":"2026-04-24T12:34:58","guid":{"rendered":"https:\/\/www.sv-gruibingen1906.de\/?page_id=3177"},"modified":"2026-04-24T15:30:39","modified_gmt":"2026-04-24T13:30:39","slug":"instagram","status":"publish","type":"page","link":"https:\/\/www.sv-gruibingen1906.de\/?page_id=3177","title":{"rendered":"Instagram"},"content":{"rendered":"<h1 data-section-id=\"1cz3le4\" data-start=\"133\" data-end=\"185\"><span style=\"text-decoration: underline;\">SV Gruibingen 1906 e.V. bald auch auf Instagram!<\/span><\/h1>\n<p data-start=\"187\" data-end=\"307\"><a href=\"https:\/\/www.sv-gruibingen1906.de\/?attachment_id=3181\" rel=\"attachment wp-att-3181\"><img loading=\"lazy\" decoding=\"async\" class=\"alignleft size-medium wp-image-3181\" src=\"https:\/\/www.sv-gruibingen1906.de\/wp-content\/uploads\/2026\/04\/IMG_6263-254x300.jpeg\" alt=\"\" width=\"254\" height=\"300\" srcset=\"https:\/\/www.sv-gruibingen1906.de\/wp-content\/uploads\/2026\/04\/IMG_6263-254x300.jpeg 254w, https:\/\/www.sv-gruibingen1906.de\/wp-content\/uploads\/2026\/04\/IMG_6263-866x1024.jpeg 866w, https:\/\/www.sv-gruibingen1906.de\/wp-content\/uploads\/2026\/04\/IMG_6263-768x908.jpeg 768w, https:\/\/www.sv-gruibingen1906.de\/wp-content\/uploads\/2026\/04\/IMG_6263-624x738.jpeg 624w, https:\/\/www.sv-gruibingen1906.de\/wp-content\/uploads\/2026\/04\/IMG_6263.jpeg 944w\" sizes=\"auto, (max-width: 254px) 100vw, 254px\" \/><\/a><\/p>\n<p data-start=\"187\" data-end=\"307\">&nbsp;<\/p>\n<p data-start=\"187\" data-end=\"307\">Der SV Gruibingen 1906 e.V. plant die Einrichtung eines offiziellen Auftritts bei <span class=\"hover:entity-accent entity-underline inline cursor-pointer align-baseline\"><span class=\"whitespace-normal\">Instagram<\/span><\/span>.<\/p>\n<p data-start=\"309\" data-end=\"591\">Damit m\u00f6chten wir unseren Verein k\u00fcnftig moderner pr\u00e4sentieren und insbesondere auch j\u00fcngere Mitglieder sowie Interessierte besser erreichen. Social Media bietet die M\u00f6glichkeit, aktuelle Informationen, Veranstaltungen und Einblicke in das Vereinsleben schnell und direkt zu teilen.<\/p>\n<hr data-start=\"593\" data-end=\"596\">\n<h3 data-section-id=\"eqcmw5\" data-start=\"598\" data-end=\"620\">&nbsp;<\/h3>\n<h3 data-section-id=\"eqcmw5\" data-start=\"598\" data-end=\"620\">\ud83c\udfaf Geplante Inhalte<\/h3>\n<p data-start=\"621\" data-end=\"718\">Auf dem k\u00fcnftigen Instagram-Auftritt sollen unter anderem folgende Inhalte ver\u00f6ffentlicht werden:<\/p>\n<ul data-start=\"720\" data-end=\"936\">\n<li data-section-id=\"xbwz41\" data-start=\"720\" data-end=\"753\">Einblicke in das Vereinsleben<\/li>\n<li data-section-id=\"t99cex\" data-start=\"754\" data-end=\"800\">Sportschie\u00dfen beim SV Gruibingen 1906 e.V.<\/li>\n<li data-section-id=\"stufk5\" data-start=\"801\" data-end=\"836\">Trainings- und Wettkampfbetrieb<\/li>\n<li data-section-id=\"c9znnl\" data-start=\"837\" data-end=\"896\">Veranstaltungen wie Jedermannschie\u00dfen und Vatertagshock<\/li>\n<li data-section-id=\"4aer52\" data-start=\"897\" data-end=\"936\">Gemeinschaft und Vereinsaktivit\u00e4ten<\/li>\n<\/ul>\n<hr data-start=\"938\" data-end=\"941\">\n<p data-start=\"967\" data-end=\"1105\">&nbsp;<\/p>\n<h2 data-section-id=\"hi4ebs\" data-start=\"1112\" data-end=\"1133\">\ud83d\udcc5 Aktueller Stand<\/h2>\n<p data-start=\"1134\" data-end=\"1300\">Der Instagram-Auftritt befindet sich derzeit in der Vorbereitung und wird in K\u00fcrze offiziell gestartet. Der Start wird mit passenden Vereinsveranstaltungen verbunden.<\/p>\n<hr data-start=\"1302\" data-end=\"1305\">\n<h2 data-section-id=\"fwmtro\" data-start=\"1307\" data-end=\"1320\">\ud83d\udcec Kontakt<\/h2>\n<p data-start=\"1321\" data-end=\"1423\">Bei Fragen oder Interesse am Verein stehen wir weiterhin \u00fcber die bekannten Kontaktwege zur Verf\u00fcgung.<\/p>\n<hr data-start=\"1425\" data-end=\"1428\">\n<p data-start=\"1430\" data-end=\"1453\"><a href=\"https:\/\/www.sv-gruibingen1906.de\/?attachment_id=3178\" rel=\"attachment wp-att-3178\"><img loading=\"lazy\" decoding=\"async\" class=\"aligncenter size-large wp-image-3178\" src=\"https:\/\/www.sv-gruibingen1906.de\/wp-content\/uploads\/2026\/04\/SV-Gruibingen_1906_Instagramm-1024x1024.png\" alt=\"\" width=\"625\" height=\"625\" srcset=\"https:\/\/www.sv-gruibingen1906.de\/wp-content\/uploads\/2026\/04\/SV-Gruibingen_1906_Instagramm-1024x1024.png 1024w, https:\/\/www.sv-gruibingen1906.de\/wp-content\/uploads\/2026\/04\/SV-Gruibingen_1906_Instagramm-300x300.png 300w, https:\/\/www.sv-gruibingen1906.de\/wp-content\/uploads\/2026\/04\/SV-Gruibingen_1906_Instagramm-150x150.png 150w, https:\/\/www.sv-gruibingen1906.de\/wp-content\/uploads\/2026\/04\/SV-Gruibingen_1906_Instagramm-768x768.png 768w, https:\/\/www.sv-gruibingen1906.de\/wp-content\/uploads\/2026\/04\/SV-Gruibingen_1906_Instagramm-624x624.png 624w, https:\/\/www.sv-gruibingen1906.de\/wp-content\/uploads\/2026\/04\/SV-Gruibingen_1906_Instagramm.png 1254w\" sizes=\"auto, (max-width: 625px) 100vw, 625px\" \/><\/a><\/p>\n","protected":false},"excerpt":{"rendered":"<p>SV Gruibingen 1906 e.V. bald auch auf Instagram! &nbsp; Der SV Gruibingen 1906 e.V. plant die Einrichtung eines offiziellen Auftritts bei Instagram. Damit m\u00f6chten wir unseren Verein k\u00fcnftig moderner pr\u00e4sentieren und insbesondere auch j\u00fcngere Mitglieder sowie Interessierte besser erreichen. Social Media bietet die M\u00f6glichkeit, aktuelle Informationen, Veranstaltungen und Einblicke in das Vereinsleben schnell und direkt [&hellip;]<\/p>\n","protected":false},"author":2,"featured_media":0,"parent":0,"menu_order":0,"comment_status":"closed","ping_status":"closed","template":"","meta":{"ngg_post_thumbnail":0,"footnotes":""},"class_list":["post-3177","page","type-page","status-publish","hentry"],"_links":{"self":[{"href":"https:\/\/www.sv-gruibingen1906.de\/index.php?rest_route=\/wp\/v2\/pages\/3177","targetHints":{"allow":["GET"]}}],"collection":[{"href":"https:\/\/www.sv-gruibingen1906.de\/index.php?rest_route=\/wp\/v2\/pages"}],"about":[{"href":"https:\/\/www.sv-gruibingen1906.de\/index.php?rest_route=\/wp\/v2\/types\/page"}],"author":[{"embeddable":true,"href":"https:\/\/www.sv-gruibingen1906.de\/index.php?rest_route=\/wp\/v2\/users\/2"}],"replies":[{"embeddable":true,"href":"https:\/\/www.sv-gruibingen1906.de\/index.php?rest_route=%2Fwp%2Fv2%2Fcomments&post=3177"}],"version-history":[{"count":3,"href":"https:\/\/www.sv-gruibingen1906.de\/index.php?rest_route=\/wp\/v2\/pages\/3177\/revisions"}],"predecessor-version":[{"id":3183,"href":"https:\/\/www.sv-gruibingen1906.de\/index.php?rest_route=\/wp\/v2\/pages\/3177\/revisions\/3183"}],"wp:attachment":[{"href":"https:\/\/www.sv-gruibingen1906.de\/index.php?rest_route=%2Fwp%2Fv2%2Fmedia&parent=3177"}],"curies":[{"name":"wp","href":"https:\/\/api.w.org\/{rel}","templated":true}]}}