{"id":2,"date":"2013-02-02T15:56:36","date_gmt":"2013-02-02T15:56:36","guid":{"rendered":"http:\/\/blog.sv-gruibingen1906.de\/?page_id=2"},"modified":"2017-05-26T13:42:38","modified_gmt":"2017-05-26T11:42:38","slug":"sample-page","status":"publish","type":"page","link":"https:\/\/www.sv-gruibingen1906.de\/?page_id=2","title":{"rendered":"Info Admin"},"content":{"rendered":"<h2 style=\"text-align: center;\"><span style=\"color: #339966;\"><strong>Hallo liebe Sch\u00fctzenkameraden und Sch\u00fctzenfreunde,<\/strong><\/span><\/h2>\n<p style=\"padding-left: 60px;\">um unsere Internetpr\u00e4senz \u00a0aktuell zu halten, hat der SV Gruibingen einen Blog eingerichtet.\u00a0Die Aktualit\u00e4t der Homepage h\u00e4ngt <img loading=\"lazy\" decoding=\"async\" class=\"size-full wp-image-52 alignright\" src=\"https:\/\/www.sv-gruibingen1906.de\/wp-content\/uploads\/2014\/01\/Fahnenband_IV.jpg\" alt=\"\" width=\"153\" height=\"584\" \/>auch von der st\u00e4ndigen Zuarbeit der Mitglieder und Sch\u00fctzenfreunde des Vereins ab. Ohne Zuschriften k\u00f6nnen auch keine Neuigkeiten des Vereins publiziert werden.<\/p>\n<p style=\"padding-left: 60px;\">Mit dem Blog kann jetzt jeder, der einen Zugang als Autor beantragt, seine Berichte oder Kommentare publizieren. Aufgrund des komplizierten Medien- und Internetrechts muss jedoch dieser gewollte publizierte Beitrag durch den Vorstand des Vereins redaktionell freigeben werden, damit der Verein keinen finanziellen Schaden hat.<\/p>\n<p style=\"padding-left: 60px;\">Zutritt zum Blog kann, unabh\u00e4ngig ob Mitglied oder nicht, von allen Interessenten beantragt werden. Nach redaktioneller \u00dcberpr\u00fcfung des Beitrages wird der Blogbeitrag freigeschaltet. Aufgrund der oben genannten Gr\u00fcnde beh\u00e4lt sich der Verein entsprechende redaktionelle K\u00fcrzungen oder \u00c4nderungen vor. Allein schon die Impressumpflicht begr\u00fcndet diese Ma\u00dfnahme.<\/p>\n<p style=\"padding-left: 60px;\">In der Regel betrifft dies nur Beitr\u00e4ge, die gegen geltendes Recht vorsto\u00dfen bzw. die anderen Menschen schaden.<\/p>\n<p style=\"padding-left: 60px;\">Mit sch\u00fctzenkameradschaftlichen Gr\u00fc\u00dfen<\/p>\n<p style=\"padding-left: 60px;\">Der\u00a0SV Gruibingen 1906 e.V.<\/p>\n","protected":false},"excerpt":{"rendered":"<p>Hallo liebe Sch\u00fctzenkameraden und Sch\u00fctzenfreunde, um unsere Internetpr\u00e4senz \u00a0aktuell zu halten, hat der SV Gruibingen einen Blog eingerichtet.\u00a0Die Aktualit\u00e4t der Homepage h\u00e4ngt auch von der st\u00e4ndigen Zuarbeit der Mitglieder und Sch\u00fctzenfreunde des Vereins ab. Ohne Zuschriften k\u00f6nnen auch keine Neuigkeiten des Vereins publiziert werden. Mit dem Blog kann jetzt jeder, der einen Zugang als Autor [&hellip;]<\/p>\n","protected":false},"author":2,"featured_media":0,"parent":535,"menu_order":0,"comment_status":"open","ping_status":"open","template":"","meta":{"ngg_post_thumbnail":0,"footnotes":""},"class_list":["post-2","page","type-page","status-publish","hentry"],"_links":{"self":[{"href":"https:\/\/www.sv-gruibingen1906.de\/index.php?rest_route=\/wp\/v2\/pages\/2","targetHints":{"allow":["GET"]}}],"collection":[{"href":"https:\/\/www.sv-gruibingen1906.de\/index.php?rest_route=\/wp\/v2\/pages"}],"about":[{"href":"https:\/\/www.sv-gruibingen1906.de\/index.php?rest_route=\/wp\/v2\/types\/page"}],"author":[{"embeddable":true,"href":"https:\/\/www.sv-gruibingen1906.de\/index.php?rest_route=\/wp\/v2\/users\/2"}],"replies":[{"embeddable":true,"href":"https:\/\/www.sv-gruibingen1906.de\/index.php?rest_route=%2Fwp%2Fv2%2Fcomments&post=2"}],"version-history":[{"count":10,"href":"https:\/\/www.sv-gruibingen1906.de\/index.php?rest_route=\/wp\/v2\/pages\/2\/revisions"}],"predecessor-version":[{"id":475,"href":"https:\/\/www.sv-gruibingen1906.de\/index.php?rest_route=\/wp\/v2\/pages\/2\/revisions\/475"}],"up":[{"embeddable":true,"href":"https:\/\/www.sv-gruibingen1906.de\/index.php?rest_route=\/wp\/v2\/pages\/535"}],"wp:attachment":[{"href":"https:\/\/www.sv-gruibingen1906.de\/index.php?rest_route=%2Fwp%2Fv2%2Fmedia&parent=2"}],"curies":[{"name":"wp","href":"https:\/\/api.w.org\/{rel}","templated":true}]}}